{"id":632,"date":"2024-08-09T18:13:37","date_gmt":"2024-08-10T00:13:37","guid":{"rendered":"https:\/\/climayoreo.com\/producto\/wing-pro\/"},"modified":"2024-09-02T11:45:03","modified_gmt":"2024-09-02T17:45:03","slug":"wing-pro","status":"publish","type":"product","link":"https:\/\/climayoreo.com\/en\/product\/wing-pro\/","title":{"rendered":"Wing Pro"},"content":{"rendered":"<ul>\n<li><span style=\"font-weight: 400;\">Capacidades: Desde 4,300 hasta 7,600 CFM<\/span><span style=\"font-weight: 400;\"><br \/>\n<\/span><\/li>\n<\/ul>","protected":false},"excerpt":{"rendered":"<p>Las cortinas de aire WING ofrecen una barrera efectiva contra la p\u00e9rdida de calor y la entrada de part\u00edculas como polvo y contaminantes en entornos industriales como centros log\u00edsticos, f\u00e1bricas y centros comerciales.<\/p>\n<p>Su dise\u00f1o innovador combina est\u00e9tica moderna y alta eficiencia para mantener ambientes limpios y confortables.<\/p>","protected":false},"featured_media":885,"template":"","meta":{"_acf_changed":false},"product_brand":[],"product_cat":[90],"product_tag":[],"class_list":{"0":"post-632","1":"product","2":"type-product","3":"status-publish","4":"has-post-thumbnail","6":"product_cat-aplicado","8":"first","9":"outofstock","10":"shipping-taxable","11":"product-type-simple"},"acf":[],"_links":{"self":[{"href":"https:\/\/climayoreo.com\/en\/wp-json\/wp\/v2\/product\/632","targetHints":{"allow":["GET"]}}],"collection":[{"href":"https:\/\/climayoreo.com\/en\/wp-json\/wp\/v2\/product"}],"about":[{"href":"https:\/\/climayoreo.com\/en\/wp-json\/wp\/v2\/types\/product"}],"wp:featuredmedia":[{"embeddable":true,"href":"https:\/\/climayoreo.com\/en\/wp-json\/wp\/v2\/media\/885"}],"wp:attachment":[{"href":"https:\/\/climayoreo.com\/en\/wp-json\/wp\/v2\/media?parent=632"}],"wp:term":[{"taxonomy":"product_brand","embeddable":true,"href":"https:\/\/climayoreo.com\/en\/wp-json\/wp\/v2\/product_brand?post=632"},{"taxonomy":"product_cat","embeddable":true,"href":"https:\/\/climayoreo.com\/en\/wp-json\/wp\/v2\/product_cat?post=632"},{"taxonomy":"product_tag","embeddable":true,"href":"https:\/\/climayoreo.com\/en\/wp-json\/wp\/v2\/product_tag?post=632"}],"curies":[{"name":"wp","href":"https:\/\/api.w.org\/{rel}","templated":true}]}}