{"id":625,"date":"2024-08-11T18:13:34","date_gmt":"2024-08-12T00:13:34","guid":{"rendered":"https:\/\/climayoreo.com\/producto\/cajas-de-ventilacion\/"},"modified":"2024-09-02T11:46:29","modified_gmt":"2024-09-02T17:46:29","slug":"cajas-de-ventilacion","status":"publish","type":"product","link":"https:\/\/climayoreo.com\/en\/product\/cajas-de-ventilacion\/","title":{"rendered":"Acoustic Cabinet Fans ATEX"},"content":{"rendered":"<p>&nbsp;<\/p>\n<ul>\n<li>Marca: Soler &amp; Palau<\/li>\n<li>Capacidades: Desde 172 hasta 9,182 CFM<\/li>\n<\/ul>","protected":false},"excerpt":{"rendered":"<p>Las cajas de ventilaci\u00f3n compactas de Soler &amp; Palau est\u00e1n dise\u00f1adas para proporcionar soluciones eficientes de ventilaci\u00f3n en espacios reducidos. Son ideales para para mover de aire limpio, filtraci\u00f3n, presurizaci\u00f3n y ventilaci\u00f3n de espacios donde se necesita una soluci\u00f3n compacta y eficaz.<\/p>","protected":false},"featured_media":881,"template":"","meta":{"_acf_changed":false},"product_brand":[],"product_cat":[91],"product_tag":[],"class_list":{"0":"post-625","1":"product","2":"type-product","3":"status-publish","4":"has-post-thumbnail","6":"product_cat-extraccion-y-ventilacion-comercial","8":"first","9":"outofstock","10":"shipping-taxable","11":"product-type-simple"},"acf":[],"_links":{"self":[{"href":"https:\/\/climayoreo.com\/en\/wp-json\/wp\/v2\/product\/625","targetHints":{"allow":["GET"]}}],"collection":[{"href":"https:\/\/climayoreo.com\/en\/wp-json\/wp\/v2\/product"}],"about":[{"href":"https:\/\/climayoreo.com\/en\/wp-json\/wp\/v2\/types\/product"}],"wp:featuredmedia":[{"embeddable":true,"href":"https:\/\/climayoreo.com\/en\/wp-json\/wp\/v2\/media\/881"}],"wp:attachment":[{"href":"https:\/\/climayoreo.com\/en\/wp-json\/wp\/v2\/media?parent=625"}],"wp:term":[{"taxonomy":"product_brand","embeddable":true,"href":"https:\/\/climayoreo.com\/en\/wp-json\/wp\/v2\/product_brand?post=625"},{"taxonomy":"product_cat","embeddable":true,"href":"https:\/\/climayoreo.com\/en\/wp-json\/wp\/v2\/product_cat?post=625"},{"taxonomy":"product_tag","embeddable":true,"href":"https:\/\/climayoreo.com\/en\/wp-json\/wp\/v2\/product_tag?post=625"}],"curies":[{"name":"wp","href":"https:\/\/api.w.org\/{rel}","templated":true}]}}