{"id":620,"date":"2024-08-10T18:13:32","date_gmt":"2024-08-11T00:13:32","guid":{"rendered":"https:\/\/climayoreo.com\/producto\/telecool\/"},"modified":"2024-09-02T11:45:52","modified_gmt":"2024-09-02T17:45:52","slug":"telecool","status":"publish","type":"product","link":"https:\/\/climayoreo.com\/en\/product\/telecool\/","title":{"rendered":"Telecool"},"content":{"rendered":"<ul>\n<li style=\"font-weight: 400;\" aria-level=\"1\"><span style=\"font-weight: 400;\">Marca: Airsys<\/span><\/li>\n<li style=\"font-weight: 400;\" aria-level=\"1\"><span style=\"font-weight: 400;\">Capacidades: 1.5 kw -4 kw<\/span><\/li>\n<\/ul>","protected":false},"excerpt":{"rendered":"<p>La soluci\u00f3n de enfriamiento dise\u00f1ado para gabinetes electr\u00f3nicos de telecomunicaciones. Soluci\u00f3n de enfriamiento montado en puerta dise\u00f1ado para trabajar a rangos de temperatura extrema (desde -40 \u00b0C hasta 55\u00b0 C).<\/p>\n<p>100% Alimentado con voltaje DC con termostato incluido.<\/p>\n<p>Cuenta con Alarma por Contacto Seco y Monitoreo Remoto a trav\u00e9s de RS485 (BUS Estandar).<\/p>","protected":false},"featured_media":877,"template":"","meta":{"_acf_changed":false},"product_brand":[],"product_cat":[93],"product_tag":[],"class_list":{"0":"post-620","1":"product","2":"type-product","3":"status-publish","4":"has-post-thumbnail","6":"product_cat-precision","8":"first","9":"outofstock","10":"shipping-taxable","11":"product-type-simple"},"acf":[],"_links":{"self":[{"href":"https:\/\/climayoreo.com\/en\/wp-json\/wp\/v2\/product\/620","targetHints":{"allow":["GET"]}}],"collection":[{"href":"https:\/\/climayoreo.com\/en\/wp-json\/wp\/v2\/product"}],"about":[{"href":"https:\/\/climayoreo.com\/en\/wp-json\/wp\/v2\/types\/product"}],"wp:featuredmedia":[{"embeddable":true,"href":"https:\/\/climayoreo.com\/en\/wp-json\/wp\/v2\/media\/877"}],"wp:attachment":[{"href":"https:\/\/climayoreo.com\/en\/wp-json\/wp\/v2\/media?parent=620"}],"wp:term":[{"taxonomy":"product_brand","embeddable":true,"href":"https:\/\/climayoreo.com\/en\/wp-json\/wp\/v2\/product_brand?post=620"},{"taxonomy":"product_cat","embeddable":true,"href":"https:\/\/climayoreo.com\/en\/wp-json\/wp\/v2\/product_cat?post=620"},{"taxonomy":"product_tag","embeddable":true,"href":"https:\/\/climayoreo.com\/en\/wp-json\/wp\/v2\/product_tag?post=620"}],"curies":[{"name":"wp","href":"https:\/\/api.w.org\/{rel}","templated":true}]}}