{"id":597,"date":"2024-08-07T18:13:20","date_gmt":"2024-08-08T00:13:20","guid":{"rendered":"https:\/\/climayoreo.com\/producto\/chiller-modular-inverter\/"},"modified":"2024-09-02T11:42:22","modified_gmt":"2024-09-02T17:42:22","slug":"chiller-modular-inverter","status":"publish","type":"product","link":"https:\/\/climayoreo.com\/en\/product\/chiller-modular-inverter\/","title":{"rendered":"Inverter Modular Chiller"},"content":{"rendered":"<p>Marca: Intensity<br \/>\nCapacidades: 10 y 20 TR<br \/>\nVoltaje: 220V-3F-60Hz<br \/>\nRefrigerante: R-410A<\/p>","protected":false},"excerpt":{"rendered":"<p>La soluci\u00f3n m\u00e1s confiable para acondicionar tus espacios ideal para confort y proceso.<\/p>\n<p>Conoce algunas de sus ventajas diferenciadas:<\/p>\n<ul>\n<li>Dise\u00f1o compacto y modular que permite conectar hasta 16 unidades.<\/li>\n<li>Recubrimiento Golden Fin en serpent\u00edn condensador.<\/li>\n<li>Operaci\u00f3n m\u00e1s precisa y eficiente gracias a sus v\u00e1lvulas de expansi\u00f3n electr\u00f3nicas.<\/li>\n<\/ul>","protected":false},"featured_media":756,"template":"","meta":{"_acf_changed":false},"product_brand":[],"product_cat":[89],"product_tag":[],"class_list":{"0":"post-597","1":"product","2":"type-product","3":"status-publish","4":"has-post-thumbnail","6":"product_cat-agua-helada","8":"first","9":"outofstock","10":"shipping-taxable","11":"product-type-simple"},"acf":[],"_links":{"self":[{"href":"https:\/\/climayoreo.com\/en\/wp-json\/wp\/v2\/product\/597","targetHints":{"allow":["GET"]}}],"collection":[{"href":"https:\/\/climayoreo.com\/en\/wp-json\/wp\/v2\/product"}],"about":[{"href":"https:\/\/climayoreo.com\/en\/wp-json\/wp\/v2\/types\/product"}],"wp:featuredmedia":[{"embeddable":true,"href":"https:\/\/climayoreo.com\/en\/wp-json\/wp\/v2\/media\/756"}],"wp:attachment":[{"href":"https:\/\/climayoreo.com\/en\/wp-json\/wp\/v2\/media?parent=597"}],"wp:term":[{"taxonomy":"product_brand","embeddable":true,"href":"https:\/\/climayoreo.com\/en\/wp-json\/wp\/v2\/product_brand?post=597"},{"taxonomy":"product_cat","embeddable":true,"href":"https:\/\/climayoreo.com\/en\/wp-json\/wp\/v2\/product_cat?post=597"},{"taxonomy":"product_tag","embeddable":true,"href":"https:\/\/climayoreo.com\/en\/wp-json\/wp\/v2\/product_tag?post=597"}],"curies":[{"name":"wp","href":"https:\/\/api.w.org\/{rel}","templated":true}]}}