{"id":596,"date":"2024-08-07T18:13:20","date_gmt":"2024-08-08T00:13:20","guid":{"rendered":"https:\/\/climayoreo.com\/producto\/mini-chiller-r32\/"},"modified":"2024-09-02T11:42:51","modified_gmt":"2024-09-02T17:42:51","slug":"mini-chiller-r32","status":"publish","type":"product","link":"https:\/\/climayoreo.com\/en\/product\/mini-chiller-r32\/","title":{"rendered":"R32 Mini Chiller"},"content":{"rendered":"<ul>\n<li>Marca: Intensity<\/li>\n<li>Modo: Fr\u00edo- Calor<\/li>\n<li>Capacidades: 1 a 3, 4TR<\/li>\n<li>Voltaje: 220V-1F-60Hz<\/li>\n<li>Refrigerante: R32A<\/li>\n<\/ul>","protected":false},"excerpt":{"rendered":"<p>Descubre la innovaci\u00f3n del Mini Chiller Inverter: la opci\u00f3n ideal para tus proyectos de crecimiento progresivo que buscan enfriamiento y calefacci\u00f3n confiable durante todo el a\u00f1o.<\/p>\n<p>Alta eficiencia gracias a su tecnolog\u00eda Inverter.<\/p>","protected":false},"featured_media":763,"template":"","meta":{"_acf_changed":false},"product_brand":[],"product_cat":[89],"product_tag":[],"class_list":{"0":"post-596","1":"product","2":"type-product","3":"status-publish","4":"has-post-thumbnail","6":"product_cat-agua-helada","8":"first","9":"outofstock","10":"shipping-taxable","11":"product-type-simple"},"acf":[],"_links":{"self":[{"href":"https:\/\/climayoreo.com\/en\/wp-json\/wp\/v2\/product\/596","targetHints":{"allow":["GET"]}}],"collection":[{"href":"https:\/\/climayoreo.com\/en\/wp-json\/wp\/v2\/product"}],"about":[{"href":"https:\/\/climayoreo.com\/en\/wp-json\/wp\/v2\/types\/product"}],"wp:featuredmedia":[{"embeddable":true,"href":"https:\/\/climayoreo.com\/en\/wp-json\/wp\/v2\/media\/763"}],"wp:attachment":[{"href":"https:\/\/climayoreo.com\/en\/wp-json\/wp\/v2\/media?parent=596"}],"wp:term":[{"taxonomy":"product_brand","embeddable":true,"href":"https:\/\/climayoreo.com\/en\/wp-json\/wp\/v2\/product_brand?post=596"},{"taxonomy":"product_cat","embeddable":true,"href":"https:\/\/climayoreo.com\/en\/wp-json\/wp\/v2\/product_cat?post=596"},{"taxonomy":"product_tag","embeddable":true,"href":"https:\/\/climayoreo.com\/en\/wp-json\/wp\/v2\/product_tag?post=596"}],"curies":[{"name":"wp","href":"https:\/\/api.w.org\/{rel}","templated":true}]}}