{"id":592,"date":"2024-08-07T18:13:18","date_gmt":"2024-08-08T00:13:18","guid":{"rendered":"https:\/\/climayoreo.com\/producto\/cassette-1-via\/"},"modified":"2024-09-02T11:42:08","modified_gmt":"2024-09-02T17:42:08","slug":"cassette-1-via","status":"publish","type":"product","link":"https:\/\/climayoreo.com\/en\/product\/cassette-1-via\/","title":{"rendered":"1 Way Cassette"},"content":{"rendered":"<ul>\n<li style=\"font-weight: 400;\" aria-level=\"1\"><span style=\"font-weight: 400;\">Marca: Intensity<\/span><\/li>\n<li style=\"font-weight: 400;\" aria-level=\"1\"><span style=\"font-weight: 400;\">Modo: Fr\u00edo &#8211; Calor<\/span><\/li>\n<li style=\"font-weight: 400;\" aria-level=\"1\"><span style=\"font-weight: 400;\">Capacidades: 1, 1.5 TR<\/span><\/li>\n<li style=\"font-weight: 400;\" aria-level=\"1\"><span style=\"font-weight: 400;\">Voltaje: 220V-1F-60Hz<\/span><\/li>\n<li style=\"font-weight: 400;\" aria-level=\"1\"><span style=\"font-weight: 400;\">Refrigerante: R-410A<\/span><\/li>\n<\/ul>","protected":false},"excerpt":{"rendered":"<p>Esta unidad interior opera silenciosamente, con un dise\u00f1o compacto. Incluye bomba de condensado y control remoto, con opci\u00f3n de controlador al\u00e1mbrico opcional.<\/p>","protected":false},"featured_media":750,"template":"","meta":{"_acf_changed":false},"product_brand":[],"product_cat":[89],"product_tag":[],"class_list":{"0":"post-592","1":"product","2":"type-product","3":"status-publish","4":"has-post-thumbnail","6":"product_cat-agua-helada","8":"first","9":"outofstock","10":"shipping-taxable","11":"product-type-simple"},"acf":[],"_links":{"self":[{"href":"https:\/\/climayoreo.com\/en\/wp-json\/wp\/v2\/product\/592","targetHints":{"allow":["GET"]}}],"collection":[{"href":"https:\/\/climayoreo.com\/en\/wp-json\/wp\/v2\/product"}],"about":[{"href":"https:\/\/climayoreo.com\/en\/wp-json\/wp\/v2\/types\/product"}],"wp:featuredmedia":[{"embeddable":true,"href":"https:\/\/climayoreo.com\/en\/wp-json\/wp\/v2\/media\/750"}],"wp:attachment":[{"href":"https:\/\/climayoreo.com\/en\/wp-json\/wp\/v2\/media?parent=592"}],"wp:term":[{"taxonomy":"product_brand","embeddable":true,"href":"https:\/\/climayoreo.com\/en\/wp-json\/wp\/v2\/product_brand?post=592"},{"taxonomy":"product_cat","embeddable":true,"href":"https:\/\/climayoreo.com\/en\/wp-json\/wp\/v2\/product_cat?post=592"},{"taxonomy":"product_tag","embeddable":true,"href":"https:\/\/climayoreo.com\/en\/wp-json\/wp\/v2\/product_tag?post=592"}],"curies":[{"name":"wp","href":"https:\/\/api.w.org\/{rel}","templated":true}]}}