{"id":589,"date":"2024-08-07T18:13:17","date_gmt":"2024-08-08T00:13:17","guid":{"rendered":"https:\/\/climayoreo.com\/producto\/fan-coil\/"},"modified":"2024-09-02T11:42:28","modified_gmt":"2024-09-02T17:42:28","slug":"fan-coil","status":"publish","type":"product","link":"https:\/\/climayoreo.com\/en\/product\/fan-coil\/","title":{"rendered":"Fan &amp; Coil"},"content":{"rendered":"<ul>\n<li style=\"font-weight: 400;\" aria-level=\"1\"><span style=\"font-weight: 400;\">Marca: Intensity<\/span><\/li>\n<li style=\"font-weight: 400;\" aria-level=\"1\"><span style=\"font-weight: 400;\">Modo: Fr\u00edo &#8211; Calor<\/span><\/li>\n<li style=\"font-weight: 400;\" aria-level=\"1\"><span style=\"font-weight: 400;\">Capacidades: 1, 1.5, 2, 3, 4 y 5 TR <\/span><span style=\"font-weight: 400;\"><br \/>\n<\/span><span style=\"font-weight: 400;\">Voltaje: 115V-1F-60Hz (1, 1.5 y 2 TR)<br \/>\n220V-1F-60Hz (3, 4 y 5 TR)<br \/>\n<\/span><\/li>\n<li style=\"font-weight: 400;\" aria-level=\"1\"><span style=\"font-weight: 400;\">Refrigerante: R-410A<\/span><\/li>\n<\/ul>","protected":false},"excerpt":{"rendered":"<p>Esta unidad interior permite una f\u00e1cil conexi\u00f3n de tuber\u00edas a la izquierda o a la derecha, intercambiable en campo para adaptarse a diferentes configuraciones de instalaci\u00f3n.<\/p>\n<p>Equipado con un serpent\u00edn de 4 hileras, garantiza un rendimiento excepcional y una eficiencia energ\u00e9tica superior.<\/p>\n<p>Incluye una caja de plenum y un filtro de aire lavable de f\u00e1brica, optimizando el mantenimiento y asegurando un aire limpio y fresco.<\/p>","protected":false},"featured_media":757,"template":"","meta":{"_acf_changed":false},"product_brand":[],"product_cat":[89],"product_tag":[],"class_list":{"0":"post-589","1":"product","2":"type-product","3":"status-publish","4":"has-post-thumbnail","6":"product_cat-agua-helada","8":"first","9":"outofstock","10":"shipping-taxable","11":"product-type-simple"},"acf":[],"_links":{"self":[{"href":"https:\/\/climayoreo.com\/en\/wp-json\/wp\/v2\/product\/589","targetHints":{"allow":["GET"]}}],"collection":[{"href":"https:\/\/climayoreo.com\/en\/wp-json\/wp\/v2\/product"}],"about":[{"href":"https:\/\/climayoreo.com\/en\/wp-json\/wp\/v2\/types\/product"}],"wp:featuredmedia":[{"embeddable":true,"href":"https:\/\/climayoreo.com\/en\/wp-json\/wp\/v2\/media\/757"}],"wp:attachment":[{"href":"https:\/\/climayoreo.com\/en\/wp-json\/wp\/v2\/media?parent=589"}],"wp:term":[{"taxonomy":"product_brand","embeddable":true,"href":"https:\/\/climayoreo.com\/en\/wp-json\/wp\/v2\/product_brand?post=589"},{"taxonomy":"product_cat","embeddable":true,"href":"https:\/\/climayoreo.com\/en\/wp-json\/wp\/v2\/product_cat?post=589"},{"taxonomy":"product_tag","embeddable":true,"href":"https:\/\/climayoreo.com\/en\/wp-json\/wp\/v2\/product_tag?post=589"}],"curies":[{"name":"wp","href":"https:\/\/api.w.org\/{rel}","templated":true}]}}