{"id":587,"date":"2024-08-06T18:13:16","date_gmt":"2024-08-07T00:13:16","guid":{"rendered":"https:\/\/climayoreo.com\/producto\/unidad-hotelera-ptac-inverter\/"},"modified":"2024-09-02T11:41:49","modified_gmt":"2024-09-02T17:41:49","slug":"unidad-hotelera-ptac-inverter","status":"publish","type":"product","link":"https:\/\/climayoreo.com\/en\/product\/unidad-hotelera-ptac-inverter\/","title":{"rendered":"Inverter Hotel Unit"},"content":{"rendered":"<ul>\n<li style=\"font-weight: 400;\" aria-level=\"1\"><span style=\"font-weight: 400;\">Marca: Intensity<\/span><\/li>\n<li style=\"font-weight: 400;\" aria-level=\"1\"><span style=\"font-weight: 400;\">Modo: S\u00f3lo fr\u00edo, Heat &#8211; pump y calefacci\u00f3n el\u00e9ctrica<\/span><\/li>\n<li style=\"font-weight: 400;\" aria-level=\"1\"><span style=\"font-weight: 400;\">Capacidades: 1.25 TR<\/span><\/li>\n<li style=\"font-weight: 400;\" aria-level=\"1\"><span style=\"font-weight: 400;\">Voltaje: 220V-1F-60Hz<\/span><\/li>\n<li style=\"font-weight: 400;\" aria-level=\"1\"><span style=\"font-weight: 400;\">Refrigerante: R-410A<\/span><\/li>\n<\/ul>","protected":false},"excerpt":{"rendered":"<p>\u00a1La soluci\u00f3n ideal para Proyectos Hoteleros! Ahorra energ\u00eda al m\u00e1ximo, gracias a su bajo consumo de operaci\u00f3n y tecnolog\u00eda Inverter.<br \/>\nGracias a su funcionamiento S\u00f3lo fr\u00edo &#8211; Heat Pump, puedes esperar el m\u00e1ximo confort sin importar la temporada. Cuenta con opci\u00f3n para controlarse con Termostato a 24V.<\/p>\n<p>Incluye: gabinete, parrilla posterior, panel frontal, cable toma corriente y kit de drenado de f\u00e1brica.<\/p>","protected":false},"featured_media":917,"template":"","meta":{"_acf_changed":false},"product_brand":[],"product_cat":[21],"product_tag":[],"class_list":{"0":"post-587","1":"product","2":"type-product","3":"status-publish","4":"has-post-thumbnail","6":"product_cat-comercial","8":"first","9":"outofstock","10":"shipping-taxable","11":"product-type-simple"},"acf":[],"_links":{"self":[{"href":"https:\/\/climayoreo.com\/en\/wp-json\/wp\/v2\/product\/587","targetHints":{"allow":["GET"]}}],"collection":[{"href":"https:\/\/climayoreo.com\/en\/wp-json\/wp\/v2\/product"}],"about":[{"href":"https:\/\/climayoreo.com\/en\/wp-json\/wp\/v2\/types\/product"}],"wp:featuredmedia":[{"embeddable":true,"href":"https:\/\/climayoreo.com\/en\/wp-json\/wp\/v2\/media\/917"}],"wp:attachment":[{"href":"https:\/\/climayoreo.com\/en\/wp-json\/wp\/v2\/media?parent=587"}],"wp:term":[{"taxonomy":"product_brand","embeddable":true,"href":"https:\/\/climayoreo.com\/en\/wp-json\/wp\/v2\/product_brand?post=587"},{"taxonomy":"product_cat","embeddable":true,"href":"https:\/\/climayoreo.com\/en\/wp-json\/wp\/v2\/product_cat?post=587"},{"taxonomy":"product_tag","embeddable":true,"href":"https:\/\/climayoreo.com\/en\/wp-json\/wp\/v2\/product_tag?post=587"}],"curies":[{"name":"wp","href":"https:\/\/api.w.org\/{rel}","templated":true}]}}