{"id":582,"date":"2024-08-06T18:13:14","date_gmt":"2024-08-07T00:13:14","guid":{"rendered":"https:\/\/climayoreo.com\/producto\/paquete-comercial\/"},"modified":"2024-09-02T11:41:18","modified_gmt":"2024-09-02T17:41:18","slug":"paquete-comercial","status":"publish","type":"product","link":"https:\/\/climayoreo.com\/en\/product\/paquete-comercial\/","title":{"rendered":"Commercial Packaged Unit"},"content":{"rendered":"<ul>\n<li style=\"font-weight: 400;\" aria-level=\"1\"><span style=\"font-weight: 400;\">Marca: Intensity<\/span><\/li>\n<li style=\"font-weight: 400;\" aria-level=\"1\"><span style=\"font-weight: 400;\">Modo: Solo Fr\u00edo<\/span><\/li>\n<li style=\"font-weight: 400;\" aria-level=\"1\"><span style=\"font-weight: 400;\">Capacidades: 7.5, 10, 15, 20, 25 y 30 TR<\/span><\/li>\n<li style=\"font-weight: 400;\" aria-level=\"1\"><span style=\"font-weight: 400;\">Voltajes: 220V-3F-60Hz (7.5 a 30 TR)<br \/>\n460V-3F-60Hz (20 a 30 TR)<br \/>\n<\/span><\/li>\n<li style=\"font-weight: 400;\" aria-level=\"1\"><span style=\"font-weight: 400;\">Refrigerante: R-410A<\/span><\/li>\n<\/ul>","protected":false},"excerpt":{"rendered":"<p><span style=\"font-weight: 400;\">\u00a1La mejor opci\u00f3n costo-beneficio! <\/span><\/p>\n<p><span style=\"font-weight: 400;\">Nuestro Paquete Comercial destaca por su dise\u00f1o compacto y eficiente, adem\u00e1s, cuenta con filtros met\u00e1licos lavables inclu\u00eddos.<\/span><\/p>","protected":false},"featured_media":766,"template":"","meta":{"_acf_changed":false},"product_brand":[],"product_cat":[21],"product_tag":[],"class_list":{"0":"post-582","1":"product","2":"type-product","3":"status-publish","4":"has-post-thumbnail","6":"product_cat-comercial","8":"first","9":"outofstock","10":"shipping-taxable","11":"product-type-simple"},"acf":[],"_links":{"self":[{"href":"https:\/\/climayoreo.com\/en\/wp-json\/wp\/v2\/product\/582","targetHints":{"allow":["GET"]}}],"collection":[{"href":"https:\/\/climayoreo.com\/en\/wp-json\/wp\/v2\/product"}],"about":[{"href":"https:\/\/climayoreo.com\/en\/wp-json\/wp\/v2\/types\/product"}],"wp:featuredmedia":[{"embeddable":true,"href":"https:\/\/climayoreo.com\/en\/wp-json\/wp\/v2\/media\/766"}],"wp:attachment":[{"href":"https:\/\/climayoreo.com\/en\/wp-json\/wp\/v2\/media?parent=582"}],"wp:term":[{"taxonomy":"product_brand","embeddable":true,"href":"https:\/\/climayoreo.com\/en\/wp-json\/wp\/v2\/product_brand?post=582"},{"taxonomy":"product_cat","embeddable":true,"href":"https:\/\/climayoreo.com\/en\/wp-json\/wp\/v2\/product_cat?post=582"},{"taxonomy":"product_tag","embeddable":true,"href":"https:\/\/climayoreo.com\/en\/wp-json\/wp\/v2\/product_tag?post=582"}],"curies":[{"name":"wp","href":"https:\/\/api.w.org\/{rel}","templated":true}]}}