{"id":577,"date":"2024-08-05T18:13:12","date_gmt":"2024-08-06T00:13:12","guid":{"rendered":"https:\/\/climayoreo.com\/producto\/dividido-universal-inverter\/"},"modified":"2024-09-02T11:40:18","modified_gmt":"2024-09-02T17:40:18","slug":"dividido-universal-inverter","status":"publish","type":"product","link":"https:\/\/climayoreo.com\/en\/product\/dividido-universal-inverter\/","title":{"rendered":"Dividido Universal Inverter"},"content":{"rendered":"<ul>\n<li style=\"font-weight: 400;\" aria-level=\"1\"><span style=\"font-weight: 400;\">Marca: Intensity<\/span><\/li>\n<li style=\"font-weight: 400;\" aria-level=\"1\"><span style=\"font-weight: 400;\">Modo: Fr\u00edo &#8211; Calor<\/span><\/li>\n<li style=\"font-weight: 400;\" aria-level=\"1\"><span style=\"font-weight: 400;\">Capacidades: 1.5, 2, 3 \u00a0y 5 TR<\/span><\/li>\n<li style=\"font-weight: 400;\" aria-level=\"1\"><span style=\"font-weight: 400;\">Voltaje: 220V-1F-60Hz<\/span><\/li>\n<li style=\"font-weight: 400;\" aria-level=\"1\"><span style=\"font-weight: 400;\">Refrigerante: R-410A<\/span><\/li>\n<\/ul>","protected":false},"excerpt":{"rendered":"<p>\u00a1\u00daNICO sistema controlado a 24 volts, compatible con termostatos WiFi, para manejar f\u00e1cilmente desde tu dispositivo m\u00f3vil! Permite utilizar la misma condensadora para cada una de sus diferentes evaporadoras.<\/p>\n<p>Conecta 1:1 con cualquiera de sus unidades interiores:<\/p>\n<ul>\n<li>Fan &amp; Coil<\/li>\n<li>Cassette 4 v\u00edas<\/li>\n<li>Piso techo<\/li>\n<li>Manejadora.<\/li>\n<\/ul>","protected":false},"featured_media":915,"template":"","meta":{"_acf_changed":false},"product_brand":[],"product_cat":[22],"product_tag":[],"class_list":{"0":"post-577","1":"product","2":"type-product","3":"status-publish","4":"has-post-thumbnail","6":"product_cat-residencial","8":"first","9":"outofstock","10":"shipping-taxable","11":"product-type-simple"},"acf":[],"_links":{"self":[{"href":"https:\/\/climayoreo.com\/en\/wp-json\/wp\/v2\/product\/577","targetHints":{"allow":["GET"]}}],"collection":[{"href":"https:\/\/climayoreo.com\/en\/wp-json\/wp\/v2\/product"}],"about":[{"href":"https:\/\/climayoreo.com\/en\/wp-json\/wp\/v2\/types\/product"}],"wp:featuredmedia":[{"embeddable":true,"href":"https:\/\/climayoreo.com\/en\/wp-json\/wp\/v2\/media\/915"}],"wp:attachment":[{"href":"https:\/\/climayoreo.com\/en\/wp-json\/wp\/v2\/media?parent=577"}],"wp:term":[{"taxonomy":"product_brand","embeddable":true,"href":"https:\/\/climayoreo.com\/en\/wp-json\/wp\/v2\/product_brand?post=577"},{"taxonomy":"product_cat","embeddable":true,"href":"https:\/\/climayoreo.com\/en\/wp-json\/wp\/v2\/product_cat?post=577"},{"taxonomy":"product_tag","embeddable":true,"href":"https:\/\/climayoreo.com\/en\/wp-json\/wp\/v2\/product_tag?post=577"}],"curies":[{"name":"wp","href":"https:\/\/api.w.org\/{rel}","templated":true}]}}