{"id":294,"date":"2024-07-11T00:50:11","date_gmt":"2024-07-11T06:50:11","guid":{"rendered":"https:\/\/climayoreo.com\/?page_id=294"},"modified":"2024-08-01T17:00:52","modified_gmt":"2024-08-01T23:00:52","slug":"blog","status":"publish","type":"page","link":"https:\/\/climayoreo.com\/en\/blog\/","title":{"rendered":"Blog"},"content":{"rendered":"<div data-elementor-type=\"wp-page\" data-elementor-id=\"294\" class=\"elementor elementor-294\" data-elementor-post-type=\"page\">\n\t\t\t\t<div class=\"elementor-element elementor-element-93c705a e-flex e-con-boxed e-con e-parent\" data-id=\"93c705a\" data-element_type=\"container\" data-settings=\"{&quot;background_background&quot;:&quot;classic&quot;}\">\n\t\t\t\t\t<div class=\"e-con-inner\">\n\t\t\t\t<div class=\"elementor-element elementor-element-6556db8 elementor-widget elementor-widget-spacer\" data-id=\"6556db8\" data-element_type=\"widget\" data-widget_type=\"spacer.default\">\n\t\t\t\t<div class=\"elementor-widget-container\">\n\t\t\t\t\t\t\t<div class=\"elementor-spacer\">\n\t\t\t<div class=\"elementor-spacer-inner\"><\/div>\n\t\t<\/div>\n\t\t\t\t\t\t<\/div>\n\t\t\t\t<\/div>\n\t\t\t\t<div class=\"elementor-element elementor-element-383fc10 elementor-widget elementor-widget-image\" data-id=\"383fc10\" data-element_type=\"widget\" data-widget_type=\"image.default\">\n\t\t\t\t<div class=\"elementor-widget-container\">\n\t\t\t\t\t\t\t\t\t\t\t\t\t\t\t<img decoding=\"async\" width=\"103\" height=\"103\" src=\"https:\/\/climayoreo.com\/wp-content\/uploads\/2024\/07\/Asset-4.png\" class=\"attachment-large size-large wp-image-115\" alt=\"\" srcset=\"https:\/\/climayoreo.com\/wp-content\/uploads\/2024\/07\/Asset-4.png 103w, https:\/\/climayoreo.com\/wp-content\/uploads\/2024\/07\/Asset-4-100x100.png 100w\" sizes=\"(max-width: 103px) 100vw, 103px\" \/>\t\t\t\t\t\t\t\t\t\t\t\t\t\t\t<\/div>\n\t\t\t\t<\/div>\n\t\t\t\t<div class=\"elementor-element elementor-element-0d28b73 elementor-widget elementor-widget-heading\" data-id=\"0d28b73\" data-element_type=\"widget\" data-widget_type=\"heading.default\">\n\t\t\t\t<div class=\"elementor-widget-container\">\n\t\t\t\t\t<h2 class=\"elementor-heading-title elementor-size-default\">Stay Updated on the Latest Trends.\n<\/h2>\t\t\t\t<\/div>\n\t\t\t\t<\/div>\n\t\t\t\t<div class=\"elementor-element elementor-element-67a6e3c elementor-widget elementor-widget-text-editor\" data-id=\"67a6e3c\" data-element_type=\"widget\" data-widget_type=\"text-editor.default\">\n\t\t\t\t<div class=\"elementor-widget-container\">\n\t\t\t\t\t\t\t\t\t<p>HERE WE BRING YOU THE LATEST NEWS IN THE HVACR INDUSTRY.<\/p>\t\t\t\t\t\t\t\t<\/div>\n\t\t\t\t<\/div>\n\t\t\t\t<div class=\"elementor-element elementor-element-526d35a elementor-widget elementor-widget-text-editor\" data-id=\"526d35a\" data-element_type=\"widget\" data-widget_type=\"text-editor.default\">\n\t\t\t\t<div class=\"elementor-widget-container\">\n\t\t\t\t\t\t\t\t\t<p>Explore news and tips to continue growing your business.<\/p>\t\t\t\t\t\t\t\t<\/div>\n\t\t\t\t<\/div>\n\t\t\t\t<div class=\"elementor-element elementor-element-0feb4c8 elementor-grid-3 elementor-grid-tablet-2 elementor-grid-mobile-1 elementor-widget elementor-widget-loop-grid\" data-id=\"0feb4c8\" data-element_type=\"widget\" data-settings=\"{&quot;template_id&quot;:306,&quot;_skin&quot;:&quot;post&quot;,&quot;columns&quot;:&quot;3&quot;,&quot;columns_tablet&quot;:&quot;2&quot;,&quot;columns_mobile&quot;:&quot;1&quot;,&quot;edit_handle_selector&quot;:&quot;[data-elementor-type=\\&quot;loop-item\\&quot;]&quot;,&quot;row_gap&quot;:{&quot;unit&quot;:&quot;px&quot;,&quot;size&quot;:&quot;&quot;,&quot;sizes&quot;:[]},&quot;row_gap_tablet&quot;:{&quot;unit&quot;:&quot;px&quot;,&quot;size&quot;:&quot;&quot;,&quot;sizes&quot;:[]},&quot;row_gap_mobile&quot;:{&quot;unit&quot;:&quot;px&quot;,&quot;size&quot;:&quot;&quot;,&quot;sizes&quot;:[]}}\" data-widget_type=\"loop-grid.post\">\n\t\t\t\t<div class=\"elementor-widget-container\">\n\t\t\t\t\t\t\t<div class=\"elementor-loop-container elementor-grid\" role=\"list\">\n\t\t<style id=\"loop-306\">.elementor-306 .elementor-element.elementor-element-6f13344{--display:flex;--min-height:400px;--gap:0px 0px;--row-gap:0px;--column-gap:0px;--overlay-opacity:1;--border-radius:40px 40px 0px 0px;--margin-top:0px;--margin-bottom:0px;--margin-left:0px;--margin-right:0px;--padding-top:0px;--padding-bottom:0px;--padding-left:0px;--padding-right:0px;}.elementor-306 .elementor-element.elementor-element-6f13344::before, .elementor-306 .elementor-element.elementor-element-6f13344 > .elementor-background-video-container::before, .elementor-306 .elementor-element.elementor-element-6f13344 > .e-con-inner > .elementor-background-video-container::before, .elementor-306 .elementor-element.elementor-element-6f13344 > .elementor-background-slideshow::before, .elementor-306 .elementor-element.elementor-element-6f13344 > .e-con-inner > .elementor-background-slideshow::before, .elementor-306 .elementor-element.elementor-element-6f13344 > .elementor-motion-effects-container > .elementor-motion-effects-layer::before{--background-overlay:'';}.elementor-306 .elementor-element.elementor-element-cb1676f{--display:flex;--flex-direction:column;--container-widget-width:100%;--container-widget-height:initial;--container-widget-flex-grow:0;--container-widget-align-self:initial;--flex-wrap-mobile:wrap;--gap:0px 0px;--row-gap:0px;--column-gap:0px;--overlay-opacity:1;--border-radius:40px 40px 0px 0px;--margin-top:0px;--margin-bottom:0px;--margin-left:0px;--margin-right:0px;--padding-top:0px;--padding-bottom:0px;--padding-left:0px;--padding-right:0px;}.elementor-306 .elementor-element.elementor-element-cb1676f:not(.elementor-motion-effects-element-type-background), .elementor-306 .elementor-element.elementor-element-cb1676f > .elementor-motion-effects-container > .elementor-motion-effects-layer{background-color:var( --e-global-color-e97a68b );}.elementor-306 .elementor-element.elementor-element-cb1676f::before, .elementor-306 .elementor-element.elementor-element-cb1676f > .elementor-background-video-container::before, .elementor-306 .elementor-element.elementor-element-cb1676f > .e-con-inner > .elementor-background-video-container::before, .elementor-306 .elementor-element.elementor-element-cb1676f > .elementor-background-slideshow::before, .elementor-306 .elementor-element.elementor-element-cb1676f > .e-con-inner > .elementor-background-slideshow::before, .elementor-306 .elementor-element.elementor-element-cb1676f > .elementor-motion-effects-container > .elementor-motion-effects-layer::before{--background-overlay:'';}.elementor-widget-image .widget-image-caption{color:var( --e-global-color-text );font-family:var( --e-global-typography-text-font-family ), Sans-serif;font-weight:var( --e-global-typography-text-font-weight );}.elementor-306 .elementor-element.elementor-element-5b84466 img{border-radius:40px 40px 0px 0px;}.elementor-306 .elementor-element.elementor-element-576493e{--display:flex;--min-height:220px;--flex-direction:column;--container-widget-width:100%;--container-widget-height:initial;--container-widget-flex-grow:0;--container-widget-align-self:initial;--flex-wrap-mobile:wrap;--border-radius:40px 40px 40px 40px;--margin-top:-50px;--margin-bottom:0px;--margin-left:0px;--margin-right:0px;--padding-top:20px;--padding-bottom:20px;--padding-left:20px;--padding-right:20px;}.elementor-306 .elementor-element.elementor-element-576493e:not(.elementor-motion-effects-element-type-background), .elementor-306 .elementor-element.elementor-element-576493e > .elementor-motion-effects-container > .elementor-motion-effects-layer{background-color:#7CDDF8;}.elementor-widget-theme-post-title .elementor-heading-title{font-family:var( --e-global-typography-primary-font-family ), Sans-serif;font-weight:var( --e-global-typography-primary-font-weight );color:var( --e-global-color-primary );}.elementor-306 .elementor-element.elementor-element-a646c2b{text-align:center;}.elementor-306 .elementor-element.elementor-element-a646c2b .elementor-heading-title{font-family:\"Niramit\", Sans-serif;font-size:18px;font-weight:700;}.elementor-widget-theme-post-excerpt .elementor-widget-container{font-family:var( --e-global-typography-text-font-family ), Sans-serif;font-weight:var( --e-global-typography-text-font-weight );color:var( --e-global-color-text );}.elementor-306 .elementor-element.elementor-element-3db2939 .elementor-widget-container{color:var( --e-global-color-secondary );}.elementor-widget-text-editor{font-family:var( --e-global-typography-text-font-family ), Sans-serif;font-weight:var( --e-global-typography-text-font-weight );color:var( --e-global-color-text );}.elementor-widget-text-editor.elementor-drop-cap-view-stacked .elementor-drop-cap{background-color:var( --e-global-color-primary );}.elementor-widget-text-editor.elementor-drop-cap-view-framed .elementor-drop-cap, .elementor-widget-text-editor.elementor-drop-cap-view-default .elementor-drop-cap{color:var( --e-global-color-primary );border-color:var( --e-global-color-primary );}.elementor-306 .elementor-element.elementor-element-3b7a8d4{text-align:right;font-family:\"Niramit\", Sans-serif;font-weight:700;text-transform:capitalize;color:var( --e-global-color-primary );}<\/style>\t\t<div data-elementor-type=\"loop-item\" data-elementor-id=\"306\" class=\"elementor elementor-306 e-loop-item e-loop-item-1662 post-1662 post type-post status-publish format-standard has-post-thumbnail hentry category-blog\" data-elementor-post-type=\"elementor_library\" data-custom-edit-handle=\"1\">\n\t\t\t<div class=\"elementor-element elementor-element-6f13344 e-flex e-con-boxed e-con e-parent\" data-id=\"6f13344\" data-element_type=\"container\" data-settings=\"{&quot;background_background&quot;:&quot;classic&quot;}\">\n\t\t\t\t\t<div class=\"e-con-inner\">\n\t\t<a class=\"elementor-element elementor-element-cb1676f e-con-full e-flex e-con e-child\" data-id=\"cb1676f\" data-element_type=\"container\" data-settings=\"{&quot;background_background&quot;:&quot;classic&quot;}\" href=\"https:\/\/climayoreo.com\/en\/flexibilidad-y-eficiencia-mini-vrf-diverse\/\">\n\t\t\t\t<div class=\"elementor-element elementor-element-5b84466 elementor-widget elementor-widget-image\" data-id=\"5b84466\" data-element_type=\"widget\" data-widget_type=\"image.default\">\n\t\t\t\t<div class=\"elementor-widget-container\">\n\t\t\t\t\t\t\t\t\t\t\t\t\t\t\t<img fetchpriority=\"high\" decoding=\"async\" width=\"800\" height=\"584\" src=\"https:\/\/climayoreo.com\/wp-content\/uploads\/2024\/08\/Diverse-instalado-1024x748.jpeg\" class=\"attachment-large size-large wp-image-1664\" alt=\"\" srcset=\"https:\/\/climayoreo.com\/wp-content\/uploads\/2024\/08\/Diverse-instalado-1024x748.jpeg 1024w, https:\/\/climayoreo.com\/wp-content\/uploads\/2024\/08\/Diverse-instalado-300x219.jpeg 300w, https:\/\/climayoreo.com\/wp-content\/uploads\/2024\/08\/Diverse-instalado-768x561.jpeg 768w, https:\/\/climayoreo.com\/wp-content\/uploads\/2024\/08\/Diverse-instalado-16x12.jpeg 16w, https:\/\/climayoreo.com\/wp-content\/uploads\/2024\/08\/Diverse-instalado-600x438.jpeg 600w, https:\/\/climayoreo.com\/wp-content\/uploads\/2024\/08\/Diverse-instalado.jpeg 1064w\" sizes=\"(max-width: 800px) 100vw, 800px\" \/>\t\t\t\t\t\t\t\t\t\t\t\t\t\t\t<\/div>\n\t\t\t\t<\/div>\n\t\t\t\t<\/a>\n\t\t<a class=\"elementor-element elementor-element-576493e e-con-full e-flex e-con e-child\" data-id=\"576493e\" data-element_type=\"container\" data-settings=\"{&quot;background_background&quot;:&quot;classic&quot;}\" href=\"https:\/\/climayoreo.com\/en\/flexibilidad-y-eficiencia-mini-vrf-diverse\/\">\n\t\t\t\t<div class=\"elementor-element elementor-element-a646c2b elementor-widget elementor-widget-theme-post-title elementor-page-title elementor-widget-heading\" data-id=\"a646c2b\" data-element_type=\"widget\" data-widget_type=\"theme-post-title.default\">\n\t\t\t\t<div class=\"elementor-widget-container\">\n\t\t\t\t\t<h1 class=\"elementor-heading-title elementor-size-default\">Flexibilidad y Eficiencia: Mini VRF Diverse.<\/h1>\t\t\t\t<\/div>\n\t\t\t\t<\/div>\n\t\t\t\t<div class=\"elementor-element elementor-element-3db2939 elementor-widget elementor-widget-theme-post-excerpt\" data-id=\"3db2939\" data-element_type=\"widget\" data-widget_type=\"theme-post-excerpt.default\">\n\t\t\t\t<div class=\"elementor-widget-container\">\n\t\t\t\t\tLa combinaci\u00f3n de flexibilidad, eficiencia, y facilidad de instalaci\u00f3n convierte al Sistema Mini VRF Diverse en una soluci\u00f3n superior para tus proyectos de climatizaci\u00f3n.\t\t\t\t<\/div>\n\t\t\t\t<\/div>\n\t\t\t\t<div class=\"elementor-element elementor-element-3b7a8d4 elementor-widget elementor-widget-text-editor\" data-id=\"3b7a8d4\" data-element_type=\"widget\" data-widget_type=\"text-editor.default\">\n\t\t\t\t<div class=\"elementor-widget-container\">\n\t\t\t\t\t\t\t\t\tAugust, 2024\t\t\t\t\t\t\t\t<\/div>\n\t\t\t\t<\/div>\n\t\t\t\t<\/a>\n\t\t\t\t\t<\/div>\n\t\t\t\t<\/div>\n\t\t\t\t<\/div>\n\t\t\t\t<div data-elementor-type=\"loop-item\" data-elementor-id=\"306\" class=\"elementor elementor-306 e-loop-item e-loop-item-1628 post-1628 post type-post status-publish format-standard has-post-thumbnail hentry category-blog\" data-elementor-post-type=\"elementor_library\" data-custom-edit-handle=\"1\">\n\t\t\t<div class=\"elementor-element elementor-element-6f13344 e-flex e-con-boxed e-con e-parent\" data-id=\"6f13344\" data-element_type=\"container\" data-settings=\"{&quot;background_background&quot;:&quot;classic&quot;}\">\n\t\t\t\t\t<div class=\"e-con-inner\">\n\t\t<a class=\"elementor-element elementor-element-cb1676f e-con-full e-flex e-con e-child\" data-id=\"cb1676f\" data-element_type=\"container\" data-settings=\"{&quot;background_background&quot;:&quot;classic&quot;}\" href=\"https:\/\/climayoreo.com\/en\/conectividad-la-clave-para-tu-siguiente-proyecto\/\">\n\t\t\t\t<div class=\"elementor-element elementor-element-5b84466 elementor-widget elementor-widget-image\" data-id=\"5b84466\" data-element_type=\"widget\" data-widget_type=\"image.default\">\n\t\t\t\t<div class=\"elementor-widget-container\">\n\t\t\t\t\t\t\t\t\t\t\t\t\t\t\t<img decoding=\"async\" width=\"770\" height=\"502\" src=\"https:\/\/climayoreo.com\/wp-content\/uploads\/2024\/08\/Construccion.jpg.webp\" class=\"attachment-large size-large wp-image-1114\" alt=\"\" srcset=\"https:\/\/climayoreo.com\/wp-content\/uploads\/2024\/08\/Construccion.jpg.webp 770w, https:\/\/climayoreo.com\/wp-content\/uploads\/2024\/08\/Construccion.jpg-300x196.webp 300w, https:\/\/climayoreo.com\/wp-content\/uploads\/2024\/08\/Construccion.jpg-768x501.webp 768w, https:\/\/climayoreo.com\/wp-content\/uploads\/2024\/08\/Construccion.jpg-600x391.webp 600w\" sizes=\"(max-width: 770px) 100vw, 770px\" \/>\t\t\t\t\t\t\t\t\t\t\t\t\t\t\t<\/div>\n\t\t\t\t<\/div>\n\t\t\t\t<\/a>\n\t\t<a class=\"elementor-element elementor-element-576493e e-con-full e-flex e-con e-child\" data-id=\"576493e\" data-element_type=\"container\" data-settings=\"{&quot;background_background&quot;:&quot;classic&quot;}\" href=\"https:\/\/climayoreo.com\/en\/conectividad-la-clave-para-tu-siguiente-proyecto\/\">\n\t\t\t\t<div class=\"elementor-element elementor-element-a646c2b elementor-widget elementor-widget-theme-post-title elementor-page-title elementor-widget-heading\" data-id=\"a646c2b\" data-element_type=\"widget\" data-widget_type=\"theme-post-title.default\">\n\t\t\t\t<div class=\"elementor-widget-container\">\n\t\t\t\t\t<h1 class=\"elementor-heading-title elementor-size-default\">Conectividad. La Clave para tu siguiente Proyecto.<\/h1>\t\t\t\t<\/div>\n\t\t\t\t<\/div>\n\t\t\t\t<div class=\"elementor-element elementor-element-3db2939 elementor-widget elementor-widget-theme-post-excerpt\" data-id=\"3db2939\" data-element_type=\"widget\" data-widget_type=\"theme-post-excerpt.default\">\n\t\t\t\t<div class=\"elementor-widget-container\">\n\t\t\t\t\tHoy en d\u00eda la conectividad es un factor que los clientes valoran al momento de elegir un aire acondicionado. Conoce las ventajas que tiene proponer equipos que cuenten con esta caracter\u00edstica.\t\t\t\t<\/div>\n\t\t\t\t<\/div>\n\t\t\t\t<div class=\"elementor-element elementor-element-3b7a8d4 elementor-widget elementor-widget-text-editor\" data-id=\"3b7a8d4\" data-element_type=\"widget\" data-widget_type=\"text-editor.default\">\n\t\t\t\t<div class=\"elementor-widget-container\">\n\t\t\t\t\t\t\t\t\tAugust, 2024\t\t\t\t\t\t\t\t<\/div>\n\t\t\t\t<\/div>\n\t\t\t\t<\/a>\n\t\t\t\t\t<\/div>\n\t\t\t\t<\/div>\n\t\t\t\t<\/div>\n\t\t\t\t<div data-elementor-type=\"loop-item\" data-elementor-id=\"306\" class=\"elementor elementor-306 e-loop-item e-loop-item-1588 post-1588 post type-post status-publish format-standard has-post-thumbnail hentry category-blog\" data-elementor-post-type=\"elementor_library\" data-custom-edit-handle=\"1\">\n\t\t\t<div class=\"elementor-element elementor-element-6f13344 e-flex e-con-boxed e-con e-parent\" data-id=\"6f13344\" data-element_type=\"container\" data-settings=\"{&quot;background_background&quot;:&quot;classic&quot;}\">\n\t\t\t\t\t<div class=\"e-con-inner\">\n\t\t<a class=\"elementor-element elementor-element-cb1676f e-con-full e-flex e-con e-child\" data-id=\"cb1676f\" data-element_type=\"container\" data-settings=\"{&quot;background_background&quot;:&quot;classic&quot;}\" href=\"https:\/\/climayoreo.com\/en\/titulo-del-blog\/\">\n\t\t\t\t<div class=\"elementor-element elementor-element-5b84466 elementor-widget elementor-widget-image\" data-id=\"5b84466\" data-element_type=\"widget\" data-widget_type=\"image.default\">\n\t\t\t\t<div class=\"elementor-widget-container\">\n\t\t\t\t\t\t\t\t\t\t\t\t\t\t\t<img loading=\"lazy\" decoding=\"async\" width=\"800\" height=\"600\" src=\"https:\/\/climayoreo.com\/wp-content\/uploads\/2024\/08\/imagen-destacada-blog-2.jpg\" class=\"attachment-large size-large wp-image-1589\" alt=\"\" srcset=\"https:\/\/climayoreo.com\/wp-content\/uploads\/2024\/08\/imagen-destacada-blog-2.jpg 1024w, https:\/\/climayoreo.com\/wp-content\/uploads\/2024\/08\/imagen-destacada-blog-2-300x225.jpg 300w, https:\/\/climayoreo.com\/wp-content\/uploads\/2024\/08\/imagen-destacada-blog-2-768x576.jpg 768w, https:\/\/climayoreo.com\/wp-content\/uploads\/2024\/08\/imagen-destacada-blog-2-16x12.jpg 16w, https:\/\/climayoreo.com\/wp-content\/uploads\/2024\/08\/imagen-destacada-blog-2-600x450.jpg 600w\" sizes=\"(max-width: 800px) 100vw, 800px\" \/>\t\t\t\t\t\t\t\t\t\t\t\t\t\t\t<\/div>\n\t\t\t\t<\/div>\n\t\t\t\t<\/a>\n\t\t<a class=\"elementor-element elementor-element-576493e e-con-full e-flex e-con e-child\" data-id=\"576493e\" data-element_type=\"container\" data-settings=\"{&quot;background_background&quot;:&quot;classic&quot;}\" href=\"https:\/\/climayoreo.com\/en\/titulo-del-blog\/\">\n\t\t\t\t<div class=\"elementor-element elementor-element-a646c2b elementor-widget elementor-widget-theme-post-title elementor-page-title elementor-widget-heading\" data-id=\"a646c2b\" data-element_type=\"widget\" data-widget_type=\"theme-post-title.default\">\n\t\t\t\t<div class=\"elementor-widget-container\">\n\t\t\t\t\t<h1 class=\"elementor-heading-title elementor-size-default\">Tecnolog\u00eda Inverter: Ventajas estrat\u00e9gicas.<\/h1>\t\t\t\t<\/div>\n\t\t\t\t<\/div>\n\t\t\t\t<div class=\"elementor-element elementor-element-3db2939 elementor-widget elementor-widget-theme-post-excerpt\" data-id=\"3db2939\" data-element_type=\"widget\" data-widget_type=\"theme-post-excerpt.default\">\n\t\t\t\t<div class=\"elementor-widget-container\">\n\t\t\t\t\tLos Sistemas Inverter destacan como una opci\u00f3n superior para contratistas de aire acondicionado, ofreciendo beneficios para sus clientes.\t\t\t\t<\/div>\n\t\t\t\t<\/div>\n\t\t\t\t<div class=\"elementor-element elementor-element-3b7a8d4 elementor-widget elementor-widget-text-editor\" data-id=\"3b7a8d4\" data-element_type=\"widget\" data-widget_type=\"text-editor.default\">\n\t\t\t\t<div class=\"elementor-widget-container\">\n\t\t\t\t\t\t\t\t\tAugust, 2024\t\t\t\t\t\t\t\t<\/div>\n\t\t\t\t<\/div>\n\t\t\t\t<\/a>\n\t\t\t\t\t<\/div>\n\t\t\t\t<\/div>\n\t\t\t\t<\/div>\n\t\t\t\t<\/div>\n\t\t\n\t\t\t\t\t\t<\/div>\n\t\t\t\t<\/div>\n\t\t\t\t<div class=\"elementor-element elementor-element-9896bed elementor-align-center elementor-widget elementor-widget-button\" data-id=\"9896bed\" data-element_type=\"widget\" data-widget_type=\"button.default\">\n\t\t\t\t<div class=\"elementor-widget-container\">\n\t\t\t\t\t\t\t\t\t<div class=\"elementor-button-wrapper\">\n\t\t\t\t\t<a class=\"elementor-button elementor-button-link elementor-size-sm\" href=\"https:\/\/climayoreo.com\/en\/archivo\/\">\n\t\t\t\t\t\t<span class=\"elementor-button-content-wrapper\">\n\t\t\t\t\t\t<span class=\"elementor-button-icon\">\n\t\t\t\t<svg aria-hidden=\"true\" class=\"e-font-icon-svg e-fas-arrow-right\" viewbox=\"0 0 448 512\" xmlns=\"http:\/\/www.w3.org\/2000\/svg\"><path d=\"M190.5 66.9l22.2-22.2c9.4-9.4 24.6-9.4 33.9 0L441 239c9.4 9.4 9.4 24.6 0 33.9L246.6 467.3c-9.4 9.4-24.6 9.4-33.9 0l-22.2-22.2c-9.5-9.5-9.3-25 .4-34.3L311.4 296H24c-13.3 0-24-10.7-24-24v-32c0-13.3 10.7-24 24-24h287.4L190.9 101.2c-9.8-9.3-10-24.8-.4-34.3z\"><\/path><\/svg>\t\t\t<\/span>\n\t\t\t\t\t\t\t\t\t<span class=\"elementor-button-text\">View all<\/span>\n\t\t\t\t\t<\/span>\n\t\t\t\t\t<\/a>\n\t\t\t\t<\/div>\n\t\t\t\t\t\t\t\t<\/div>\n\t\t\t\t<\/div>\n\t\t\t\t\t<\/div>\n\t\t\t\t<\/div>\n\t\t<div class=\"elementor-element elementor-element-2095d1c e-flex e-con-boxed e-con e-parent\" data-id=\"2095d1c\" data-element_type=\"container\" data-settings=\"{&quot;background_background&quot;:&quot;classic&quot;}\">\n\t\t\t\t\t<div class=\"e-con-inner\">\n\t\t\t\t<div class=\"elementor-element elementor-element-6df24da elementor-widget__width-initial elementor-widget elementor-widget-heading\" data-id=\"6df24da\" data-element_type=\"widget\" data-widget_type=\"heading.default\">\n\t\t\t\t<div class=\"elementor-widget-container\">\n\t\t\t\t\t<h2 class=\"elementor-heading-title elementor-size-default\">Stay Updated on Our Promotions and New Product Launches.<\/h2>\t\t\t\t<\/div>\n\t\t\t\t<\/div>\n\t\t\t\t<div class=\"elementor-element elementor-element-0b2dd08 elementor-widget__width-initial elementor-button-align-stretch elementor-widget elementor-widget-form\" data-id=\"0b2dd08\" data-element_type=\"widget\" data-settings=\"{&quot;button_width&quot;:&quot;30&quot;,&quot;step_next_label&quot;:&quot;Siguiente&quot;,&quot;step_previous_label&quot;:&quot;Anterior&quot;,&quot;step_type&quot;:&quot;number_text&quot;,&quot;step_icon_shape&quot;:&quot;circle&quot;}\" data-widget_type=\"form.default\">\n\t\t\t\t<div class=\"elementor-widget-container\">\n\t\t\t\t\t\t\t<form class=\"elementor-form\" method=\"post\" id=\"form_newsletter\" name=\"Nuevo formulario\" aria-label=\"Nuevo formulario\" action=\"\">\n\t\t\t<input type=\"hidden\" name=\"post_id\" value=\"294\"\/>\n\t\t\t<input type=\"hidden\" name=\"form_id\" value=\"0b2dd08\"\/>\n\t\t\t<input type=\"hidden\" name=\"referer_title\" value=\"\" \/>\n\n\t\t\t\n\t\t\t<div class=\"elementor-form-fields-wrapper elementor-labels-\">\n\t\t\t\t\t\t\t\t<div class=\"elementor-field-type-email elementor-field-group elementor-column elementor-field-group-email elementor-col-70 elementor-field-required\">\n\t\t\t\t\t\t\t\t\t\t\t\t<label for=\"form-field-email\" class=\"elementor-field-label elementor-screen-only\">\n\t\t\t\t\t\t\t\tEmail\t\t\t\t\t\t\t<\/label>\n\t\t\t\t\t\t\t\t\t\t\t\t\t\t<input size=\"1\" type=\"email\" name=\"form_fields[email]\" id=\"form-field-email\" class=\"elementor-field elementor-size-sm  elementor-field-textual\" placeholder=\"Email\" required=\"required\">\n\t\t\t\t\t\t\t\t\t\t\t<\/div>\n\t\t\t\t\t\t\t\t<div class=\"elementor-field-group elementor-column elementor-field-type-submit elementor-col-30 e-form__buttons\">\n\t\t\t\t\t<button class=\"elementor-button elementor-size-sm\" type=\"submit\">\n\t\t\t\t\t\t<span class=\"elementor-button-content-wrapper\">\n\t\t\t\t\t\t\t\t\t\t\t\t\t\t\t\t\t\t\t\t\t\t<span class=\"elementor-button-text\">Subscribe<\/span>\n\t\t\t\t\t\t\t\t\t\t\t\t\t<\/span>\n\t\t\t\t\t<\/button>\n\t\t\t\t<\/div>\n\t\t\t<\/div>\n\t\t<input type=\"hidden\" name=\"trp-form-language\" value=\"en\"\/><\/form>\n\t\t\t\t\t\t<\/div>\n\t\t\t\t<\/div>\n\t\t\t\t\t<\/div>\n\t\t\t\t<\/div>\n\t\t\t\t<\/div>","protected":false},"excerpt":{"rendered":"<p>Ent\u00e9rate de las \u00faltimas tendencias. AQU\u00cd TE DEJAMOS LO \u00daLTIMO EN LA INDUSTRIA HVACR Explora noticias y consejos para que sigas creciendo tu negocio. Ver todos S\u00e9 el primero en enterarte de nuestras promociones y nuevos lanzamientos.<\/p>","protected":false},"author":1,"featured_media":0,"parent":0,"menu_order":0,"comment_status":"closed","ping_status":"closed","template":"elementor_header_footer","meta":{"_acf_changed":false,"footnotes":""},"class_list":["post-294","page","type-page","status-publish","hentry"],"acf":[],"_links":{"self":[{"href":"https:\/\/climayoreo.com\/en\/wp-json\/wp\/v2\/pages\/294","targetHints":{"allow":["GET"]}}],"collection":[{"href":"https:\/\/climayoreo.com\/en\/wp-json\/wp\/v2\/pages"}],"about":[{"href":"https:\/\/climayoreo.com\/en\/wp-json\/wp\/v2\/types\/page"}],"author":[{"embeddable":true,"href":"https:\/\/climayoreo.com\/en\/wp-json\/wp\/v2\/users\/1"}],"replies":[{"embeddable":true,"href":"https:\/\/climayoreo.com\/en\/wp-json\/wp\/v2\/comments?post=294"}],"version-history":[{"count":0,"href":"https:\/\/climayoreo.com\/en\/wp-json\/wp\/v2\/pages\/294\/revisions"}],"wp:attachment":[{"href":"https:\/\/climayoreo.com\/en\/wp-json\/wp\/v2\/media?parent=294"}],"curies":[{"name":"wp","href":"https:\/\/api.w.org\/{rel}","templated":true}]}}