{"id":227,"date":"2024-08-21T17:23:37","date_gmt":"2024-08-21T23:23:37","guid":{"rendered":"https:\/\/climayoreo.com\/?page_id=227"},"modified":"2024-08-30T09:58:39","modified_gmt":"2024-08-30T15:58:39","slug":"terminosycondiciones","status":"publish","type":"page","link":"https:\/\/climayoreo.com\/en\/terminosycondiciones\/","title":{"rendered":"T\u00e9rminos y Condiciones"},"content":{"rendered":"<div data-elementor-type=\"wp-page\" data-elementor-id=\"227\" class=\"elementor elementor-227\" data-elementor-post-type=\"page\">\n\t\t\t\t<div class=\"elementor-element elementor-element-8afa0b4 e-flex e-con-boxed e-con e-parent\" data-id=\"8afa0b4\" data-element_type=\"container\">\n\t\t\t\t\t<div class=\"e-con-inner\">\n\t\t\t\t<div class=\"elementor-element elementor-element-4f4f5e6 elementor-widget elementor-widget-text-editor\" data-id=\"4f4f5e6\" data-element_type=\"widget\" data-widget_type=\"text-editor.default\">\n\t\t\t\t<div class=\"elementor-widget-container\">\n\t\t\t\t\t\t\t\t\t<p><strong>T\u00c9RMINOS Y CONDICIONES<\/strong><\/p><p><strong>Empresas Contratistas, Cadenas Hoteleras y Comerciales, Proyectos, Constructoras, Despachos de Arquitectos, Instaladores y Subdistribuidores<\/strong><\/p><p>\u2022 <strong>Precios:<\/strong> Las \u00f3rdenes de compra ser\u00e1n facturadas a los precios vigentes establecidos en la cotizaci\u00f3n. En caso de no contar con una orden de compra por parte del cliente, el pedido firmado ser\u00e1 el documento v\u00e1lido para procesar pedidos. Todos los precios est\u00e1n sujetos a cambios sin previo aviso hasta que se facturen. Los productos se cotizan en d\u00f3lares al tipo de cambio del d\u00eda de la operaci\u00f3n. En caso de generarse anticipos, los pagos restantes deber\u00e1n realizarse al tipo de cambio del d\u00eda en que se efect\u00faen.<\/p><p>\u2022 <strong>Forma de Pago &#8211; Contado:<\/strong> Las \u00f3rdenes de compra se procesar\u00e1n una vez recibido el pago total de los productos, y se emitir\u00e1 un comprobante fiscal conforme a los requisitos vigentes del SAT. Se recomienda realizar los pagos mediante transferencia bancaria electr\u00f3nica y notificar a su asesor de ventas por correo electr\u00f3nico con el comprobante adjunto. Climayoreo dispone de cuentas en diversas instituciones financieras para facilitar el dep\u00f3sito y la r\u00e1pida tramitaci\u00f3n de su solicitud.<\/p><p>\u2022 <strong>Forma de Pago &#8211; Cr\u00e9dito:<\/strong> Disponible para clientes con l\u00ednea de cr\u00e9dito autorizada y vigente. Las \u00f3rdenes de compra de clientes con cr\u00e9dito vencido o en sobregiro no ser\u00e1n procesadas.<\/p><p>\u2022 <strong>Compras M\u00ednimas:<\/strong> No hay un l\u00edmite m\u00ednimo de compra. Cualquier cantidad de producto ser\u00e1 atendida, siempre que se cumpla con el perfil de clientes de Climayoreo. No atendemos al usuario final. Nuestro perfil de cliente incluye: contratistas, cadenas hoteleras o comerciales con menos de 20 sucursales, proyectos, constructoras, despachos de arquitectos, instaladores de aire acondicionado y subdistribuidores.<\/p><p>\u2022 <strong>Devoluciones:<\/strong> Toda devoluci\u00f3n de productos originada por causas atribuibles al comprador generar\u00e1 un cargo del 5% sobre el valor de la compra. Los fletes para la devoluci\u00f3n deber\u00e1n ser pagados por el cliente y los productos deben ser entregados en perfectas condiciones y con el empaque original cerrado. Si los productos se devuelven por causas atribuibles a Climayoreo, se emitir\u00e1 un cr\u00e9dito a la cuenta del cliente despu\u00e9s de recibir y aceptar la devoluci\u00f3n.<\/p><p>\u2022 <strong>Fletes:<\/strong> Todos los precios son L.A.B. (Lugar de Entrega a Bordo) en el punto de venta o surtido de Climayoreo. Los fletes por el env\u00edo de productos ser\u00e1n a cargo del cliente, quien deber\u00e1 pagarlos previo o al momento de recibirlos, seg\u00fan lo acordado en la cotizaci\u00f3n. En caso de recibir productos da\u00f1ados o con faltantes, el cliente debe reclamar de inmediato a la compa\u00f1\u00eda de transporte.<\/p><p>\u2022 <strong>Garant\u00eda:<\/strong> Todos nuestros productos est\u00e1n garantizados conforme a los t\u00e9rminos de las pol\u00edticas de garant\u00eda vigentes, publicadas en nuestro sitio web. Las partes el\u00e9ctricas y los faltantes, as\u00ed como la mano de obra, no cuentan con garant\u00eda.<\/p>\t\t\t\t\t\t\t\t<\/div>\n\t\t\t\t<\/div>\n\t\t\t\t\t<\/div>\n\t\t\t\t<\/div>\n\t\t\t\t<\/div>","protected":false},"excerpt":{"rendered":"<p>T\u00c9RMINOS Y CONDICIONES Empresas Contratistas, Cadenas Hoteleras y Comerciales, Proyectos, Constructoras, Despachos de Arquitectos, Instaladores y Subdistribuidores \u2022 Precios: Las \u00f3rdenes de compra ser\u00e1n facturadas a los precios vigentes establecidos en la cotizaci\u00f3n. En caso de no contar con una orden de compra por parte del cliente, el pedido firmado ser\u00e1 el documento v\u00e1lido para [&hellip;]<\/p>","protected":false},"author":1,"featured_media":0,"parent":0,"menu_order":0,"comment_status":"closed","ping_status":"closed","template":"elementor_header_footer","meta":{"_acf_changed":false,"footnotes":""},"class_list":["post-227","page","type-page","status-publish","hentry"],"acf":[],"_links":{"self":[{"href":"https:\/\/climayoreo.com\/en\/wp-json\/wp\/v2\/pages\/227","targetHints":{"allow":["GET"]}}],"collection":[{"href":"https:\/\/climayoreo.com\/en\/wp-json\/wp\/v2\/pages"}],"about":[{"href":"https:\/\/climayoreo.com\/en\/wp-json\/wp\/v2\/types\/page"}],"author":[{"embeddable":true,"href":"https:\/\/climayoreo.com\/en\/wp-json\/wp\/v2\/users\/1"}],"replies":[{"embeddable":true,"href":"https:\/\/climayoreo.com\/en\/wp-json\/wp\/v2\/comments?post=227"}],"version-history":[{"count":0,"href":"https:\/\/climayoreo.com\/en\/wp-json\/wp\/v2\/pages\/227\/revisions"}],"wp:attachment":[{"href":"https:\/\/climayoreo.com\/en\/wp-json\/wp\/v2\/media?parent=227"}],"curies":[{"name":"wp","href":"https:\/\/api.w.org\/{rel}","templated":true}]}}